{"id":567,"date":"2019-09-25T16:46:37","date_gmt":"2019-09-25T14:46:37","guid":{"rendered":"http:\/\/socialtransfert.com\/?page_id=567"},"modified":"2023-12-06T16:59:00","modified_gmt":"2023-12-06T15:59:00","slug":"services-2","status":"publish","type":"page","link":"https:\/\/socialtransfert.com\/index.php\/services-2\/","title":{"rendered":"Services"},"content":{"rendered":"\n\n\t<h1>Services<\/h1>\n\t<h2><img loading=\"lazy\" decoding=\"async\" src=\"http:\/\/socialtransfert.com\/wp-content\/uploads\/2019\/09\/Conseils.png\" alt=\"\" width=\"85\" height=\"85\" \/><\/h2>\n<h2>Conseils<\/h2>\nSocial transfert <strong>accompagne<\/strong> les collectivit\u00e9s, associations, entreprises et individus <strong>en amont de leur projet d&rsquo;innovation et de recherche coop\u00e9rative<\/strong>.\u00a0 Nous \u00e9coutons, posons et qualifions les enjeux, hi\u00e9rarchisons les priorit\u00e9s, \u00e9tablissons un cahier des charges d&rsquo;intervention, animons des r\u00e9unions, des dispositifs de concertation ou des d\u00e9bats, recherchons et proposons des solutions pour am\u00e9liorer la dynamique collective de projets dont l&rsquo;objectif est la transformation sociale et \u00e9cologique d&rsquo;un environnement. Nous intervenons <strong>au moyen d&rsquo;outils d&rsquo;intelligence collective<\/strong>, issues principalement du design de services, de l&rsquo;\u00e9ducation populaire, de la p\u00e9dagogie active et du management de projet.<br \/>\n\n\t<h2><img loading=\"lazy\" decoding=\"async\" src=\"http:\/\/socialtransfert.com\/wp-content\/uploads\/2019\/09\/Etudes.png\" alt=\"\" width=\"85\" height=\"85\" \/><\/h2>\n<h2>Etudes<\/h2>\n<p>Social Transfert est sp\u00e9cialis\u00e9 dans<strong> les enqu\u00eates d&rsquo;usages et de valorisation de l&rsquo;espace (b\u00e2timent, ville, environnement<\/strong>). Nous sommes attentifs \u00e0 r\u00e9v\u00e9ler les pratiques et besoins qui impactent l&rsquo;\u00e9conomie, la soci\u00e9t\u00e9 et l&rsquo;environnement dans ce secteur. Nos travaux englobent des recherches, \u00e9tude-actions et \u00e9valuations qui sont produites principalement <strong>au moyen de recueils de donn\u00e9es et de diagnostics collectifs<\/strong>. Il s&rsquo;agit d&rsquo;\u00e9clairer les questionnements auxquels les institutions publiques, entreprises, fondations, associations doivent faire face sur diverses th\u00e9matiques potentiellement r\u00e9silientes de l&rsquo;am\u00e9nagement et la construction : l&rsquo;\u00e9nergie, le num\u00e9rique, la modularit\u00e9, etc. Nous utilisons pour ce faire des m\u00e9thodes \u00e9prouv\u00e9es en sciences sociales qui permettent de travailler en groupe comme celles de la Recherche-Action-Participative (RAP). Des techniques de recueil de donn\u00e9es individuelles (entretiens, questionnaires, observations, questionnaires, etc.) peuvent \u00e9galement \u00eatre mobilis\u00e9es en fonction des attentes et du contexte d&rsquo;intervention.<\/p>\n\t<h2><img loading=\"lazy\" decoding=\"async\" src=\"http:\/\/socialtransfert.com\/wp-content\/uploads\/2019\/09\/Formation.png\" alt=\"\" width=\"85\" height=\"85\" \/><\/h2>\n<h2>Formation<\/h2>\n<p>Social Transfert <strong>r\u00e9alise diverses missions en formation initiale et continue<\/strong> dans ses quatre domaines d&rsquo;activit\u00e9s. Nous sommes amen\u00e9s \u00e0 concevoir r\u00e9guli\u00e8rement des nouveaux stages o\u00f9 nous adaptons des contenus et d\u00e9roul\u00e9s p\u00e9dagogiques sur mesure. Ces stages peuvent \u00eatre valid\u00e9s par les participants en vue de l&rsquo;acquisition ou du perfectionnement d&rsquo;une qualification professionnelle ou d&rsquo;un dipl\u00f4me universitaire.<\/p>\n<p>Nous intervenons en grand groupes ou en petits groupes, \u00e0 distance au moyen d&rsquo;outils collaboratifs ou en pr\u00e9sentiel. <strong>Des techniques de p\u00e9dagogies actives et de m\u00e9thodologie de projets<\/strong> peuvent \u00eatre associ\u00e9es \u00e0 des modules plus th\u00e9oriques au sein des stages. Des <strong>formats \u00ab\u00a0conf\u00e9rence\u00a0\u00bb<\/strong> sont \u00e9galement propos\u00e9s.<\/p>\n\n\n","protected":false},"excerpt":{"rendered":"<p>Services Conseils Social transfert accompagne les collectivit\u00e9s, associations, entreprises et individus en amont de leur projet d&rsquo;innovation et de recherche coop\u00e9rative.\u00a0 Nous \u00e9coutons, posons et qualifions les enjeux, hi\u00e9rarchisons les priorit\u00e9s, \u00e9tablissons un cahier des charges d&rsquo;intervention, animons des r\u00e9unions, des dispositifs de concertation ou des d\u00e9bats, recherchons et proposons des solutions pour am\u00e9liorer laLire la suite &rarr;<\/p>\n","protected":false},"author":1,"featured_media":0,"parent":0,"menu_order":0,"comment_status":"closed","ping_status":"closed","template":"","meta":{"footnotes":""},"_links":{"self":[{"href":"https:\/\/socialtransfert.com\/index.php\/wp-json\/wp\/v2\/pages\/567"}],"collection":[{"href":"https:\/\/socialtransfert.com\/index.php\/wp-json\/wp\/v2\/pages"}],"about":[{"href":"https:\/\/socialtransfert.com\/index.php\/wp-json\/wp\/v2\/types\/page"}],"author":[{"embeddable":true,"href":"https:\/\/socialtransfert.com\/index.php\/wp-json\/wp\/v2\/users\/1"}],"replies":[{"embeddable":true,"href":"https:\/\/socialtransfert.com\/index.php\/wp-json\/wp\/v2\/comments?post=567"}],"version-history":[{"count":30,"href":"https:\/\/socialtransfert.com\/index.php\/wp-json\/wp\/v2\/pages\/567\/revisions"}],"predecessor-version":[{"id":1685,"href":"https:\/\/socialtransfert.com\/index.php\/wp-json\/wp\/v2\/pages\/567\/revisions\/1685"}],"wp:attachment":[{"href":"https:\/\/socialtransfert.com\/index.php\/wp-json\/wp\/v2\/media?parent=567"}],"curies":[{"name":"wp","href":"https:\/\/api.w.org\/{rel}","templated":true}]}}