{"id":507,"date":"2019-09-18T12:45:11","date_gmt":"2019-09-18T10:45:11","guid":{"rendered":"http:\/\/socialtransfert.com\/?page_id=507"},"modified":"2021-07-16T20:04:16","modified_gmt":"2021-07-16T18:04:16","slug":"qui-sommes-nous","status":"publish","type":"page","link":"https:\/\/socialtransfert.com\/index.php\/qui-sommes-nous\/","title":{"rendered":"Qui sommes-nous ?"},"content":{"rendered":"\n\n\t<h1>Qui sommes-nous ?<\/h1>\n\n<p>Social Transfert est une entreprise cr\u00e9\u00e9e en 2016 par Claire Brossaud. Docteure en sociologie, <a href=\"https:\/\/www.linkedin.com\/in\/claire-brossaud-2805109\/\">Claire Brossaud<\/a> poss\u00e8de une exp\u00e9rience de plus de vingt ans sur des projets de recherche et d&rsquo;innovation architecturale et urbaine pour des laboratoires, des collectivit\u00e9s territoriales, des consortiums industriels et des associations. Charg\u00e9e de structurer la valorisation des sciences humaines et sociales pour l&rsquo;universit\u00e9 de Lyon, puis chercheure associ\u00e9e \u00e0 l&rsquo;Ecole d&rsquo;Architecture de Lyon, elle a \u00e9t\u00e9 aussi partie prenante de plusieurs collectifs citoyens qui oeuvrent pour une ville r\u00e9siliente et contributive (VECAM, Coexiscience, etc.).<\/p>\n<p>Elle a r\u00e9dig\u00e9 quatre ouvrages et une trentaine de <a href=\"http:\/\/socialtransfert.com\/index.php\/ressources\/\">publications<\/a> sur la ville, les communs, le num\u00e9rique et les m\u00e9thodes en sciences sociales.<\/p>\n<p>Elle a enfin dispens\u00e9 plus de 1200 heures de formation initiale et continue.<\/p>\n\n","protected":false},"excerpt":{"rendered":"<p>Qui sommes-nous ? Social Transfert est une entreprise cr\u00e9\u00e9e en 2016 par Claire Brossaud. Docteure en sociologie, Claire Brossaud poss\u00e8de une exp\u00e9rience de plus de vingt ans sur des projets de recherche et d&rsquo;innovation architecturale et urbaine pour des laboratoires, des collectivit\u00e9s territoriales, des consortiums industriels et des associations. Charg\u00e9e de structurer la valorisation desLire la suite &rarr;<\/p>\n","protected":false},"author":1,"featured_media":0,"parent":0,"menu_order":0,"comment_status":"closed","ping_status":"closed","template":"","meta":{"footnotes":""},"_links":{"self":[{"href":"https:\/\/socialtransfert.com\/index.php\/wp-json\/wp\/v2\/pages\/507"}],"collection":[{"href":"https:\/\/socialtransfert.com\/index.php\/wp-json\/wp\/v2\/pages"}],"about":[{"href":"https:\/\/socialtransfert.com\/index.php\/wp-json\/wp\/v2\/types\/page"}],"author":[{"embeddable":true,"href":"https:\/\/socialtransfert.com\/index.php\/wp-json\/wp\/v2\/users\/1"}],"replies":[{"embeddable":true,"href":"https:\/\/socialtransfert.com\/index.php\/wp-json\/wp\/v2\/comments?post=507"}],"version-history":[{"count":22,"href":"https:\/\/socialtransfert.com\/index.php\/wp-json\/wp\/v2\/pages\/507\/revisions"}],"predecessor-version":[{"id":1478,"href":"https:\/\/socialtransfert.com\/index.php\/wp-json\/wp\/v2\/pages\/507\/revisions\/1478"}],"wp:attachment":[{"href":"https:\/\/socialtransfert.com\/index.php\/wp-json\/wp\/v2\/media?parent=507"}],"curies":[{"name":"wp","href":"https:\/\/api.w.org\/{rel}","templated":true}]}}