{"id":2,"date":"2019-03-27T15:17:24","date_gmt":"2019-03-27T14:17:24","guid":{"rendered":"http:\/\/socialtransfert.com\/?page_id=2"},"modified":"2020-05-11T18:17:06","modified_gmt":"2020-05-11T16:17:06","slug":"page-d-exemple","status":"publish","type":"page","link":"https:\/\/socialtransfert.com\/","title":{"rendered":""},"content":{"rendered":"\n\n\t<h2>Social Transfert<\/h2>\n<p>Social Transfert accompagne la recherche et l\u2019innovation au service du b\u00e2timent, de la ville et de l\u2019environnement en pla\u00e7ant la coop\u00e9ration au coeur du d\u00e9veloppement.<\/p>\n<p>Nous proposons des solutions d\u2019intelligence collective pour les entreprises, les institutions, les associations ou les individus dans le cadre d&rsquo;exp\u00e9rimentations, de d\u00e9monstrateurs ou d&rsquo;inventions de nouveaux services et \u00e9quipements. Notre approche est globale. Elle s&rsquo;appuie sur des concepts, m\u00e9thodes et techniques permettant de formaliser et de transf\u00e9rer des connaissances dans quatre domaines : assistance \u00e0 ma\u00eetrise d\u2019usages, recherche participative, design de communs, innovation sociale et responsable.<\/p>\n<p>Nous aidons \u00e0 l\u2019expression des besoins et des usages dans divers contextes multi-acteurs et multi-\u00e9chelles et nous nous appuyons sur un r\u00e9seau de partenaires \u00e0 travers toute la francophonie.<\/p>\n<p>Nous envisageons la coop\u00e9ration comme une r\u00e9ponse organisationnelle aux d\u00e9fis \u00e9cologiques, technologiques et culturels auxquels nous sommes aujourd&rsquo;hui confront\u00e9s.<\/p>\n<p>&nbsp;<\/p>\n\t<h6><a href=\"http:\/\/socialtransfert.com\/index.php\/archives\/\">Voir toutes les actus<\/a><\/h6>\n\t\t\t\t<img loading=\"lazy\" decoding=\"async\" src=\"http:\/\/socialtransfert.com\/wp-content\/uploads\/2019\/10\/s\u00e9parateur-300x43.png\" alt=\"s\u00e9parateur\" itemprop=\"image\" height=\"43\" width=\"300\" title=\"s\u00e9parateur\" onerror=\"this.style.display='none'\"  \/>\n","protected":false},"excerpt":{"rendered":"<p>Social Transfert Social Transfert accompagne la recherche et l\u2019innovation au service du b\u00e2timent, de la ville et de l\u2019environnement en pla\u00e7ant la coop\u00e9ration au coeur du d\u00e9veloppement. Nous proposons des solutions d\u2019intelligence collective pour les entreprises, les institutions, les associations ou les individus dans le cadre d&rsquo;exp\u00e9rimentations, de d\u00e9monstrateurs ou d&rsquo;inventions de nouveaux services etLire la suite &rarr;<\/p>\n","protected":false},"author":1,"featured_media":0,"parent":0,"menu_order":0,"comment_status":"closed","ping_status":"closed","template":"","meta":{"footnotes":""},"_links":{"self":[{"href":"https:\/\/socialtransfert.com\/index.php\/wp-json\/wp\/v2\/pages\/2"}],"collection":[{"href":"https:\/\/socialtransfert.com\/index.php\/wp-json\/wp\/v2\/pages"}],"about":[{"href":"https:\/\/socialtransfert.com\/index.php\/wp-json\/wp\/v2\/types\/page"}],"author":[{"embeddable":true,"href":"https:\/\/socialtransfert.com\/index.php\/wp-json\/wp\/v2\/users\/1"}],"replies":[{"embeddable":true,"href":"https:\/\/socialtransfert.com\/index.php\/wp-json\/wp\/v2\/comments?post=2"}],"version-history":[{"count":107,"href":"https:\/\/socialtransfert.com\/index.php\/wp-json\/wp\/v2\/pages\/2\/revisions"}],"predecessor-version":[{"id":1226,"href":"https:\/\/socialtransfert.com\/index.php\/wp-json\/wp\/v2\/pages\/2\/revisions\/1226"}],"wp:attachment":[{"href":"https:\/\/socialtransfert.com\/index.php\/wp-json\/wp\/v2\/media?parent=2"}],"curies":[{"name":"wp","href":"https:\/\/api.w.org\/{rel}","templated":true}]}}