{"id":122,"date":"2019-04-15T14:15:27","date_gmt":"2019-04-15T12:15:27","guid":{"rendered":"http:\/\/socialtransfert.com\/?page_id=122"},"modified":"2023-12-29T14:32:16","modified_gmt":"2023-12-29T13:32:16","slug":"recherche-participative","status":"publish","type":"page","link":"https:\/\/socialtransfert.com\/index.php\/recherche-participative\/","title":{"rendered":"Recherche participative"},"content":{"rendered":"\n\n\t\n<h1>Recherche participative<\/h1>\n<p><img loading=\"lazy\" decoding=\"async\" src=\"http:\/\/socialtransfert.com\/wp-content\/uploads\/2019\/11\/recherche-participative.png\" alt=\"\" width=\"480\" height=\"270\" \/><\/p>\n<p>La recherche participative est un moyen d&rsquo;impliquer des \u00ab\u00a0non scientifiques\u00a0\u00bb \u00e0 la pratique de recherche. Elle concerne l&rsquo;identification d&rsquo;un objet d&rsquo;\u00e9tude,\u00a0 la construction de probl\u00e9matique, le recueil ou l&rsquo;analyse de donn\u00e9es mais aussi la diffusion ou l&rsquo;application de r\u00e9sultats de recherche. Elle vise \u00e0 faciliter une dynamique de changement, \u00e0 conduire une action sur un mode r\u00e9flexif ou encore \u00e0 produire des connaissances.<\/p>\n<p>Des outils d&rsquo;intelligence collective particuliers peuvent \u00eatre utilis\u00e9s et agenc\u00e9s diff\u00e9remment en fonction des contexte d&rsquo;intervention : moyens habiles, design, management de projet, p\u00e9dagogies actives, etc. Nous concevons, animons et accompagnons des d\u00e9marches m\u00e9thodologiques sp\u00e9cifiques dans diff\u00e9rents secteurs et pour tous types de publics.<\/p>\n\n\n<h3>R\u00e9f\u00e9rences :<\/h3>\n\t<p>&nbsp;<\/p>\n<p>&nbsp;<\/p>\n<p><img loading=\"lazy\" decoding=\"async\" src=\"http:\/\/socialtransfert.com\/wp-content\/uploads\/2023\/04\/Universite-Lille.png\" alt=\"\" width=\"108\" height=\"108\" \/><\/p>\n<p>Formation \u00ab\u00a0S&rsquo;initier \u00e0 la recherche participative\u00a0\u00bb, pour les doctorants de l&rsquo;Universit\u00e9 de Lille pour la seconde ann\u00e9e cons\u00e9cutive en collaboration avec la <a href=\"https:\/\/rechercheparticipative.univ-lille.fr\/la-boutique-des-sciences\">Boutique des sciences<\/a> de la facult\u00e9. Modules th\u00e9oriques et mises en situation alternent au cours d&rsquo;une premi\u00e8re journ\u00e9e de d\u00e9couverte de la recherche participative. F\u00e9vrier 2023.<\/p>\n\t<p>&nbsp;<\/p>\n<p>&nbsp;<\/p>\n<p><img loading=\"lazy\" decoding=\"async\" src=\"http:\/\/socialtransfert.com\/wp-content\/uploads\/2023\/01\/download.png\" alt=\"\" width=\"145\" height=\"110\" \/><\/p>\n<p>Parution de l&rsquo;article\u00a0 \u00ab\u00a0Accompagner la recherche participative : le dispositif tiers-veilleur\u00a0\u00bb<strong>, <\/strong>co-\u00e9crit par Claire Brossaud et Cyril Fiorini, dans Techniques de l&rsquo;Ing\u00e9nieur. La publication pr\u00e9sente les enjeux et pratiques de cette nouvelle fonction en recherche participative. Novembre 2022, <a href=\"https:\/\/www.techniques-ingenieur.fr\/base-documentaire\/innovation-th10\/sciences-techniques-et-societe-42697210\/accompagner-la-recherche-participative-le-dispositif-tiers-veilleur-ag123\/\">en ligne<\/a>.<\/p>\n\t<p>&nbsp;<\/p>\n<p>&nbsp;<\/p>\n<p><img loading=\"lazy\" decoding=\"async\" src=\"http:\/\/socialtransfert.com\/wp-content\/uploads\/2021\/01\/Eoysr8WXUAQLdH4.jpg\" alt=\"\" width=\"166\" height=\"110\" \/><\/p>\n<p>Tiers veillance en recherche participative sur le projet DURFAC \u00ab Co-construire la DURabilit\u00e9 des Fili\u00e8res Agricoles en milieu Coop\u00e9ratif \u00bb pilot\u00e9 par l&rsquo;\u00e9cole d&rsquo;ing\u00e9nieure de <a href=\"https:\/\/www.purpan.fr\/\">PURPAN<\/a>, \u00e0 Toulouse dans le cadre du programme CO3 de l&rsquo;ADEME. La recherche aura lieu en Aubrac, en partenariat avec la coop\u00e9rative <a href=\"https:\/\/www.jeune-montagne-aubrac.fr\/\">Union Fromag\u008f\u00e8re Jeune Montag\u008fne<\/a>, janvier 2021-d\u00e9cembre 2022.<\/p>\n\t<p>&nbsp;<\/p>\n<p>&nbsp;<\/p>\n<p><img loading=\"lazy\" decoding=\"async\" src=\"http:\/\/socialtransfert.com\/wp-content\/uploads\/2019\/11\/index.jpg\" alt=\"\" width=\"108\" height=\"108\" \/><\/p>\n<p>Formation-action sur le th\u00e8me \u00ab Co-construire une probl\u00e9matique de recherche participative \u00bb avec <a href=\"https:\/\/sygefor.reseau-urfist.fr\/#\/training\/8975\/10358?from=true\">l&rsquo;URFIST de Lyon<\/a> les 18 et 19 mai 2021. Cette session en ligne s&rsquo;est adress\u00e9e \u00e0 des chercheurs et doctorants qui souhaitaient engager des d\u00e9marches participatives en recherche avec diff\u00e9rentes parties prenantes.<\/p>\n\t<p><img loading=\"lazy\" decoding=\"async\" src=\"http:\/\/socialtransfert.com\/wp-content\/uploads\/2020\/07\/index.png\" alt=\"\" width=\"155\" height=\"112\" \/><\/p>\n<p>Tiers veillance sur le projet de recherche participative COPOL (Conservation des pollinisateurs en zones prot\u00e9g\u00e9es), en partenariat avec les <a href=\"http:\/\/www.reserves-naturelles.org\/\">R\u00e9serves naturelles de France<\/a> et le laboratoire <a href=\"http:\/\/www.egce.cnrs-gif.fr\/?page_id=32\">EGCE <\/a>(Evolution, G\u00e9nome, Comportement, Ecologie) du CNRS dans le cadre du programme de recherche C03, pilot\u00e9 par l&rsquo;ADEME, 2020. <a href=\"http:\/\/socialtransfert.com\/index.php\/2020\/07\/17\/tiers-veillance-en-recherche-participative-pour-le-projet-copol-concertation-pour-la-conservation-des-pollinisateurs-en-zones-protegees\/\">En savoir plus.<\/a><\/p>\n\t<p><img loading=\"lazy\" decoding=\"async\" src=\"http:\/\/socialtransfert.com\/wp-content\/uploads\/2021\/01\/UniversiteParis_logo_vertical_couleur_CMJN.jpg\" alt=\"\" width=\"111\" height=\"111\" \/><\/p>\n<p>\u00ab\u00a0S&rsquo;initier \u00e0 la recherche participative\u00a0\u00bb, Stage de formation continue en distanciel pour les doctorants de l<a href=\"https:\/\/u-paris.fr\/\">&lsquo;Universit\u00e9 de Paris,<\/a> en ligne, 15 et 16 d\u00e9cembre 2020. <a href=\"https:\/\/doctorat.u-paris.fr\/formation\/sinitier-a-la-recherche-participative\/\">En savoir plus<\/a><\/p>\n\t<p><img loading=\"lazy\" decoding=\"async\" src=\"http:\/\/socialtransfert.com\/wp-content\/uploads\/2019\/11\/image1_citin-150x150.jpg\" alt=\"\" width=\"110\" height=\"110\" \/><\/p>\nActe : Appropriation et communs de la transition \u00e9nerg\u00e9tique par la recherche participative. En partenariat avec cinq associations et institutions dont le CNAM, l&rsquo;Universit\u00e9 de Montpellier et <a href=\"http:\/\/http\/\/coexiscience.fr\">Coexiscience<\/a>. Programme <a href=\"https:\/\/citin.hypotheses.org\/\">Cit&rsquo;in<\/a> du Minist\u00e8re de la Transition Ecologique et Solidaire, 2019.<br \/>\n<a href=\"http:\/\/socialtransfert.com\/index.php\/2019\/04\/15\/recherche-participative-habitat-energie\/\">En savoir plus.<\/a>\n\t<p><img loading=\"lazy\" decoding=\"async\" src=\"http:\/\/socialtransfert.com\/wp-content\/uploads\/2019\/11\/civam.png\" alt=\"\" width=\"91\" height=\"108\" \/><\/p>\n<p>Tiers veillance sur le projet de recherche participative ICASE (Indicateurs de comptabilit\u00e9s agricoles et \u00e9cologiques), <a href=\"http:\/\/www.civam-oasis.fr\/\">CIVAM de l&rsquo;Oasis<\/a>-Campagnes vivantes Champagne Ardennes, Universit\u00e9 de Reims, <a href=\"https:\/\/appelsaprojets.ademe.fr\/aap\/CO32018-67\">Programme CO3 de l&rsquo;ADEME<\/a>, 2019.<\/p>\n\n","protected":false},"excerpt":{"rendered":"<p>Recherche participative La recherche participative est un moyen d&rsquo;impliquer des \u00ab\u00a0non scientifiques\u00a0\u00bb \u00e0 la pratique de recherche. Elle concerne l&rsquo;identification d&rsquo;un objet d&rsquo;\u00e9tude,\u00a0 la construction de probl\u00e9matique, le recueil ou l&rsquo;analyse de donn\u00e9es mais aussi la diffusion ou l&rsquo;application de r\u00e9sultats de recherche. Elle vise \u00e0 faciliter une dynamique de changement, \u00e0 conduire une actionLire la suite &rarr;<\/p>\n","protected":false},"author":1,"featured_media":0,"parent":0,"menu_order":0,"comment_status":"closed","ping_status":"closed","template":"","meta":{"footnotes":""},"_links":{"self":[{"href":"https:\/\/socialtransfert.com\/index.php\/wp-json\/wp\/v2\/pages\/122"}],"collection":[{"href":"https:\/\/socialtransfert.com\/index.php\/wp-json\/wp\/v2\/pages"}],"about":[{"href":"https:\/\/socialtransfert.com\/index.php\/wp-json\/wp\/v2\/types\/page"}],"author":[{"embeddable":true,"href":"https:\/\/socialtransfert.com\/index.php\/wp-json\/wp\/v2\/users\/1"}],"replies":[{"embeddable":true,"href":"https:\/\/socialtransfert.com\/index.php\/wp-json\/wp\/v2\/comments?post=122"}],"version-history":[{"count":52,"href":"https:\/\/socialtransfert.com\/index.php\/wp-json\/wp\/v2\/pages\/122\/revisions"}],"predecessor-version":[{"id":1710,"href":"https:\/\/socialtransfert.com\/index.php\/wp-json\/wp\/v2\/pages\/122\/revisions\/1710"}],"wp:attachment":[{"href":"https:\/\/socialtransfert.com\/index.php\/wp-json\/wp\/v2\/media?parent=122"}],"curies":[{"name":"wp","href":"https:\/\/api.w.org\/{rel}","templated":true}]}}