{"id":120,"date":"2019-04-15T14:14:59","date_gmt":"2019-04-15T12:14:59","guid":{"rendered":"http:\/\/socialtransfert.com\/?page_id=120"},"modified":"2023-12-29T15:37:17","modified_gmt":"2023-12-29T14:37:17","slug":"innovation-sociale-et-responsable","status":"publish","type":"page","link":"https:\/\/socialtransfert.com\/index.php\/innovation-sociale-et-responsable\/","title":{"rendered":"Innovation sociale et responsable"},"content":{"rendered":"\n\n\t<h1>Innovation sociale et responsable<\/h1>\n<p><img loading=\"lazy\" decoding=\"async\" src=\"http:\/\/socialtransfert.com\/wp-content\/uploads\/2019\/09\/Innovation-sociale-et-responsable-1.jpg\" alt=\"\" width=\"433\" height=\"244\" \/>L&rsquo;innovation sociale et responsable r\u00e9pond \u00e0 des objectifs \u00e9cologiques et solidaires pour la production et le transfert de savoir-faire et de technologies dans le monde socio-\u00e9conomique. Il s&rsquo;agit l\u00e0 de favoriser une \u00e9conomie de la connaissance r\u00e9siliente pour la soci\u00e9t\u00e9 et pour l&rsquo;environnement dans des domaines comme le management de l&rsquo;innovation, la valorisation de la recherche, l&rsquo;accompagnement \u00e0 l&rsquo;entrepreneuriat ou la construction de la mesure d&rsquo;impacts.<\/p>\n<p>Nous accompagnons les entreprises, les collectivit\u00e9s et les individus soucieux d&rsquo;int\u00e9grer des logiques de coop\u00e9ration dans leur projet d&rsquo;innovation sociale et responsable et les aidons \u00e0 faire passer leur id\u00e9e de d\u00e9part \u00e0 des propositions de services ou de prototypages.<\/p>\n\n<h3><strong>R\u00e9f\u00e9rences<\/strong><\/h3>\n\t<p><img loading=\"lazy\" decoding=\"async\" src=\"http:\/\/socialtransfert.com\/wp-content\/uploads\/2023\/12\/b3a70039f65784deb171fa7dda57c7ca_400x400-300x300.png\" alt=\"\" width=\"150\" height=\"150\" \/><\/p>\n<p>Marathon cr\u00e9atif de 3 jours avec <a href=\"https:\/\/www.museomix.org\/editions\/2019\/forez-un-village-et-des-collections-textiles\">Museomix Auvergne Rh\u00f4ne Alpes<\/a> pour remixer le mus\u00e9e royal de Brou \u00e0 Bourg en Bresse. Suivez le r\u00e9sum\u00e9 et la fabrication des prototypes en image <a href=\"https:\/\/www.youtube.com\/watch?v=qwaQpDHY6eU\">ici<\/a>. Du 10 au 12 novembre 2023.<\/p>\n<p>&nbsp;<\/p>\n\t<p><img loading=\"lazy\" decoding=\"async\" src=\"http:\/\/socialtransfert.com\/wp-content\/uploads\/2020\/04\/index-8520cf2fd6e34565abb4aeb35697382a_sb900x473_bb0x0x900x450.jpg\" alt=\"\" width=\"206\" height=\"103\" \/><\/p>\n<p>Marathon cr\u00e9atif de 3 jours avec <a href=\"https:\/\/www.museomix.org\/editions\/2019\/forez-un-village-et-des-collections-textiles\">Museomix Auvergne Rh\u00f4ne Alpes<\/a> pour remixer un village et deux mus\u00e9es textile dans le Forez \u00e0 Cervi\u00e8res et Panissi\u00e8re, du 8 au 10 novembre 2019.<\/p>\n\t<p><img loading=\"lazy\" decoding=\"async\" src=\"http:\/\/socialtransfert.com\/wp-content\/uploads\/2022\/07\/index.jpg\" alt=\"\" width=\"150\" height=\"150\" \/><\/p>\n<p><\/p>\n<p>Formation \u00ab\u00a0R\u00e9pondre \u00e0 un appel d&rsquo;offre de mani\u00e8re collaborative\u00a0\u00bb, en partenariat avec<a href=\"https:\/\/www.lecentsept.fr\/\"> le Cent sept<\/a> (Pop&rsquo;up social) dans le cadre de leur programme d&rsquo;accompagnement aux acteurs de l&rsquo;ESS et l&rsquo;association Coexiscience. Juillet 2022.<\/p>\n<p><\/p>\n\t<p><img loading=\"lazy\" decoding=\"async\" src=\"http:\/\/socialtransfert.com\/wp-content\/uploads\/2020\/04\/index-3.jpg\" alt=\"\" width=\"293\" height=\"131\" \/><\/p>\n<p>Co-contruire les mesures d&rsquo;impact d&rsquo;un tiers lieu autog\u00e9r\u00e9 sur le territoire ? Atelier de pratique,\u00a0 <a href=\"http:\/\/lyonencommuns.org\/2017\/09\/28\/fabrique-tes-communs-la-fabrique-lyonnaise-des-communs-2017\/\">La Fabrique Lyonnaise des communs<\/a>, 9 d\u00e9cembre 2017.<\/p>\n\t<p><img loading=\"lazy\" decoding=\"async\" src=\"http:\/\/socialtransfert.com\/wp-content\/uploads\/2023\/12\/universite-lyon-1_0.webp\" alt=\"\" width=\"150\" height=\"150\" \/><\/p>\n<p>Formation <a href=\"https:\/\/www.universite-lyon.fr\/b33-s-initier-a-l-innovation-sociale-et-responsable-21h-6299.kjsp\">\u00ab\u00a0S&rsquo;initier \u00e0 l&rsquo;innovation sociale et responsable<\/a>\u00ab\u00a0, 14 heures, Formation doctorale de l&rsquo;Universit\u00e9 de Lyon, 22 et 23 janvier 2020.<\/p>\n<p>&nbsp;<\/p>\n<p>&nbsp;<\/p>\n<p>&nbsp;<\/p>\n\t<p><img loading=\"lazy\" decoding=\"async\" src=\"http:\/\/socialtransfert.com\/wp-content\/uploads\/2020\/04\/images.jpg\" alt=\"\" width=\"389\" height=\"147\" \/><\/p>\n<p>Accompagnement d&rsquo;une trentaine de projets de transfert de connaissances en Sciences Humaines et Sociales vers le monde socio-\u00e9conomique, SATT <a href=\"https:\/\/www.pulsalys.fr\/\">Pulsalys<\/a> (anciennement Lyon Science Transfert), Universit\u00e9 de Lyon, 2010-2014.<\/p>\n\t<p><img loading=\"lazy\" decoding=\"async\" src=\"http:\/\/socialtransfert.com\/wp-content\/uploads\/2020\/04\/index-1.jpg\" alt=\"\" width=\"131\" height=\"146\" \/><\/p>\n<p>Formation \u00ab\u00a0S&rsquo;initier \u00e0 l&rsquo;innovation sociale et responsable\u00a0\u00bb, 14 heures, Formation doctorale de l&rsquo;<a href=\"http:\/\/www.sorbonne-paris-cite.fr\/fr\">Universit\u00e9 Sorbonne Paris Cit\u00e9<\/a>, 3 et 4 d\u00e9cembre 2019.<\/p>\n<p>&nbsp;<\/p>\n<p>&nbsp;<\/p>\n\t<p><img loading=\"lazy\" decoding=\"async\" src=\"http:\/\/socialtransfert.com\/wp-content\/uploads\/2020\/04\/Capture-d'e\u0301cran-2020-04-24-a\u0300-14.36.09.png\" alt=\"\" width=\"92\" height=\"88\" \/><\/p>\n<p>Etude d&rsquo;opportunit\u00e9 socio-\u00e9conomique pour la valorisation des <a href=\"http:\/\/cassini.ehess.fr\/cassini\/fr\/html\/1_navigation.php\">cartes de Cassini<\/a>, <a href=\"https:\/\/www.agoranov.com\/\">Agoranov<\/a>, Paris, 2010.<\/p>\n\n","protected":false},"excerpt":{"rendered":"<p>Innovation sociale et responsable L&rsquo;innovation sociale et responsable r\u00e9pond \u00e0 des objectifs \u00e9cologiques et solidaires pour la production et le transfert de savoir-faire et de technologies dans le monde socio-\u00e9conomique. Il s&rsquo;agit l\u00e0 de favoriser une \u00e9conomie de la connaissance r\u00e9siliente pour la soci\u00e9t\u00e9 et pour l&rsquo;environnement dans des domaines comme le management de l&rsquo;innovation,Lire la suite &rarr;<\/p>\n","protected":false},"author":1,"featured_media":0,"parent":0,"menu_order":0,"comment_status":"closed","ping_status":"closed","template":"","meta":{"footnotes":""},"_links":{"self":[{"href":"https:\/\/socialtransfert.com\/index.php\/wp-json\/wp\/v2\/pages\/120"}],"collection":[{"href":"https:\/\/socialtransfert.com\/index.php\/wp-json\/wp\/v2\/pages"}],"about":[{"href":"https:\/\/socialtransfert.com\/index.php\/wp-json\/wp\/v2\/types\/page"}],"author":[{"embeddable":true,"href":"https:\/\/socialtransfert.com\/index.php\/wp-json\/wp\/v2\/users\/1"}],"replies":[{"embeddable":true,"href":"https:\/\/socialtransfert.com\/index.php\/wp-json\/wp\/v2\/comments?post=120"}],"version-history":[{"count":53,"href":"https:\/\/socialtransfert.com\/index.php\/wp-json\/wp\/v2\/pages\/120\/revisions"}],"predecessor-version":[{"id":1716,"href":"https:\/\/socialtransfert.com\/index.php\/wp-json\/wp\/v2\/pages\/120\/revisions\/1716"}],"wp:attachment":[{"href":"https:\/\/socialtransfert.com\/index.php\/wp-json\/wp\/v2\/media?parent=120"}],"curies":[{"name":"wp","href":"https:\/\/api.w.org\/{rel}","templated":true}]}}