{"id":116,"date":"2019-04-15T14:14:01","date_gmt":"2019-04-15T12:14:01","guid":{"rendered":"http:\/\/socialtransfert.com\/?page_id=116"},"modified":"2024-01-02T16:19:37","modified_gmt":"2024-01-02T15:19:37","slug":"assistance-a-maitrise-dusage","status":"publish","type":"page","link":"https:\/\/socialtransfert.com\/index.php\/assistance-a-maitrise-dusage\/","title":{"rendered":"Assistance \u00e0 ma\u00eetrise d&rsquo;usage"},"content":{"rendered":"\n\n\t<h1>Assistance \u00e0 ma\u00eetrise d&rsquo;usage<\/h1>\n<p><img loading=\"lazy\" decoding=\"async\" src=\"http:\/\/socialtransfert.com\/wp-content\/uploads\/2019\/09\/Assistance-\u00e0-ma\u00eetrise-dusage-1.jpg\" alt=\"\" width=\"477\" height=\"268\" \/>Social Transfert \u00e9tudie les usages d&rsquo;un b\u00e2timent (r\u00e9sidentiel et tertiaire) ou d&rsquo;un territoire urbain. L&rsquo;assistance \u00e0 ma\u00eetrise d&rsquo;usage est utilis\u00e9e afin de savoir comment les espaces sont envisag\u00e9s ou appropri\u00e9s par leurs occupants\/futurs occupants dans diff\u00e9rents contextes : r\u00e9habilitation, construction neuve, r\u00e9novation \u00e9nerg\u00e9tique, projet d&rsquo;am\u00e9nagement, instrumentations technologique et num\u00e9rique, etc.<\/p>\n<p>Nos d\u00e9marches sont surtout bas\u00e9es sur des techniques d&rsquo;animation de groupe mais celles-ci peuvent \u00eatre parfois compl\u00e9t\u00e9es par des approches plus traditionnelles visant par exemple du recueil de donn\u00e9es par entretien, questionnaire ou observation.<\/p>\n\t<h3>R\u00e9f\u00e9rences :<\/h3>\n\t<p><img loading=\"lazy\" decoding=\"async\" src=\"http:\/\/socialtransfert.com\/wp-content\/uploads\/2023\/11\/Sans-titre.png\" alt=\"\" width=\"136\" height=\"136\" \/><\/p>\n<p><a href=\"https:\/\/socialtransfert.com\/index.php\/2023\/10\/20\/livraison-du-rapport-detude-sur-la-demarche-methodologique-dun-habitat-participatif-a-villefranche-sur-saone\/\">Etude sociologique<\/a> portant sur l&rsquo;analyse d&rsquo;une d\u00e9marche m\u00e9thodologique mobilis\u00e9e dans le cadre d&rsquo;une op\u00e9ration immobili\u00e8re incluant un habitat participatif dans un \u00e9co-quartier de Villefranche-sur-Sa\u00f4ne. Projet engageant 6 partenaires, laur\u00e9at en mars 2022 du programme <a href=\"https:\/\/www.engages-pour-la-qualite-du-logement-de-demain.archi.fr\/actus\/annonce-des-equipes-laureates\">Engag\u00e9s pour la qualit\u00e9 du logement de demain<\/a>. 2022-2023.<\/p>\n\t<p><img loading=\"lazy\" decoding=\"async\" src=\"http:\/\/socialtransfert.com\/wp-content\/uploads\/2023\/06\/JanesWalk.png\" alt=\"\" width=\"108\" height=\"108\" \/><\/p>\n\t<p>Ballade urbaine dans le cadre du festival international Jane&rsquo;s Walk, qui rend hommage \u00e0 l&rsquo;h\u00e9ritage culturel de l&rsquo;urbanisme am\u00e9ricaine Jane Jacobs, du 9 au 14 mai 2023, sur le th\u00e8me : \u00ab\u00a0Manifestations, rebellions, r\u00e9pressions : comment les pouvoirs et contre-pouvoirs s&rsquo;approprient la rue ?\u00a0\u00bb.\u00a0 Du 9 au 14 mai 2023. Pour en savoir plus : <a href=\"http:\/\/www.janeswalk.fr\">www.janeswalk.fr<\/a><\/p>\n<p>&nbsp;<\/p>\n\t<p><img loading=\"lazy\" decoding=\"async\" src=\"http:\/\/socialtransfert.com\/wp-content\/uploads\/2019\/12\/logo-union-sociale-1024-300x135.jpg\" alt=\"\" width=\"211\" height=\"95\" \/><\/p>\n<p>&nbsp;<\/p>\n<p>Etude d&rsquo;usages dans le cadre du projet de b\u00e2timents durables connect\u00e9s SMART ECO RENOVATION de l&rsquo;<a href=\"https:\/\/www.union-habitat.org\/\">Union Sociale\u00a0 pour l&rsquo;Habitat<\/a> en partenariat avec <a href=\"https:\/\/urbanpractices.com\/\">Urban Practice<\/a>. Septembre 2019-D\u00e9cembre 2021. <a href=\"http:\/\/socialtransfert.com\/index.php\/2019\/04\/30\/lancement-du-projet-smart-eco-renovation-avec-lunion-sociale-de-lhabitat\/\">En savoir plus.<\/a><\/p>\n\n\t<img loading=\"lazy\" decoding=\"async\" src=\"http:\/\/socialtransfert.com\/wp-content\/uploads\/2019\/10\/VilleMarseille-150x150.jpg\" alt=\"\" width=\"134\" height=\"134\" \/>Concertation pr\u00e9alable \u00e0 la programmation d&rsquo;une Maison des Services Publics dans le quartier des Caillols pour la <a href=\"https:\/\/www.marseille.fr\/\">Ville de Marseille<\/a> avec <a href=\"https:\/\/www.menighetti.fr\/\">Menighetti Parvis.<\/a> Premier trimestre 2020.<br \/>\n<a href=\"http:\/\/socialtransfert.com\/index.php\/2019\/10\/17\/consertation-prealable-marseille\/\">En savoir plus<\/a>\n<p>&nbsp;<\/p>\n<p>&nbsp;<\/p>\n\t<p><img loading=\"lazy\" decoding=\"async\" src=\"http:\/\/socialtransfert.com\/wp-content\/uploads\/2021\/01\/insavalor-squarelogo-1456137719629.png\" alt=\"\" width=\"134\" height=\"134\" \/>Etude d&rsquo;usages d&rsquo;un b\u00e2timent prototype modulaire et \u00e9volutif accueillant des activit\u00e9s de R&amp;D en sant\u00e9 dans le cadre du projet <a href=\"https:\/\/www.youtube.com\/watch?v=WJwftSOnmSs\">MOOVABAT<\/a> soutenu par l&rsquo;ADEME et r\u00e9alis\u00e9 en partenariat avec INSA Valor, ENSA Lyon, dans le cadre d&rsquo;un consortium industriel et avec plusieurs partenaires acad\u00e9miques. 2017-2020.<\/p>\n\t<p><img loading=\"lazy\" decoding=\"async\" src=\"http:\/\/socialtransfert.com\/wp-content\/uploads\/2019\/12\/Ville-dOrly-300x168.png\" alt=\"\" width=\"200\" height=\"112\" \/><\/p>\n<p>&nbsp;<\/p>\n<p>Concertation pr\u00e9alable \u00e0 la programmation d&rsquo;une \u00e9cole maternelle et primaire innovante pour la <a href=\"https:\/\/www.mairie-orly.fr\/\">Ville d&rsquo;Orly<\/a> avec <a href=\"https:\/\/www.menighetti.fr\/actualites\/78\/orly_la_programmation_architecturale_d_un_groupe_scolaire_innovant\">Menighetti Parvis<\/a>. Premier trimestre 2019.<\/p>\n\t<p><img loading=\"lazy\" decoding=\"async\" src=\"http:\/\/socialtransfert.com\/wp-content\/uploads\/2020\/04\/Capture-d'e\u0301cran-2020-04-22-a\u0300-16.02.51.png\" alt=\"\" width=\"141\" height=\"148\" \/><\/p>\n<p>Etude-action sur le BIM Management pour la plate-forme <a href=\"http:\/\/www.astus-construction.fr\/\">ASTUS Construction<\/a> en partenariat avec le laboratoire EVS-LAURE et l&rsquo;Ecole Nationale d&rsquo;Architecture de Lyon, 2015-2016. <a href=\"http:\/\/socialtransfert.com\/index.php\/2016\/03\/22\/livraison-dune-letude-action-sur-le-bim-management\/\">En savoir plus<\/a>.<\/p>\n\t<p><img loading=\"lazy\" decoding=\"async\" src=\"http:\/\/socialtransfert.com\/wp-content\/uploads\/2019\/12\/index.png\" alt=\"\" width=\"107\" height=\"145\" \/>Etude d&rsquo;usages du projet de d\u00e9monstrateur Smart Electric Lyon, portant la mise en place de solutions num\u00e9riques de gestion de l&rsquo;\u00e9nergie dans l&rsquo;habitat, soutenu par l&rsquo;<a href=\"https:\/\/presse.ademe.fr\/2017\/06\/smart-grid-bilan-du-projet-smart-electric-lyon.html\">ADEME<\/a> et pilot\u00e9 par EDF avec un <a href=\"https:\/\/presse.ademe.fr\/wp-content\/uploads\/2017\/06\/SEL-Dossier-presse-A4.pdf\">consortium de 21 partenaires<\/a> et en collaboration avec l&rsquo;<a href=\"http:\/\/www.lyon.archi.fr\/\">ENSA Lyon<\/a> et l&rsquo;Universit\u00e9 de Lyon. 2012-2017.<\/p>\n\n","protected":false},"excerpt":{"rendered":"<p>Assistance \u00e0 ma\u00eetrise d&rsquo;usage Social Transfert \u00e9tudie les usages d&rsquo;un b\u00e2timent (r\u00e9sidentiel et tertiaire) ou d&rsquo;un territoire urbain. L&rsquo;assistance \u00e0 ma\u00eetrise d&rsquo;usage est utilis\u00e9e afin de savoir comment les espaces sont envisag\u00e9s ou appropri\u00e9s par leurs occupants\/futurs occupants dans diff\u00e9rents contextes : r\u00e9habilitation, construction neuve, r\u00e9novation \u00e9nerg\u00e9tique, projet d&rsquo;am\u00e9nagement, instrumentations technologique et num\u00e9rique, etc. NosLire la suite &rarr;<\/p>\n","protected":false},"author":1,"featured_media":0,"parent":0,"menu_order":0,"comment_status":"closed","ping_status":"closed","template":"","meta":{"footnotes":""},"_links":{"self":[{"href":"https:\/\/socialtransfert.com\/index.php\/wp-json\/wp\/v2\/pages\/116"}],"collection":[{"href":"https:\/\/socialtransfert.com\/index.php\/wp-json\/wp\/v2\/pages"}],"about":[{"href":"https:\/\/socialtransfert.com\/index.php\/wp-json\/wp\/v2\/types\/page"}],"author":[{"embeddable":true,"href":"https:\/\/socialtransfert.com\/index.php\/wp-json\/wp\/v2\/users\/1"}],"replies":[{"embeddable":true,"href":"https:\/\/socialtransfert.com\/index.php\/wp-json\/wp\/v2\/comments?post=116"}],"version-history":[{"count":82,"href":"https:\/\/socialtransfert.com\/index.php\/wp-json\/wp\/v2\/pages\/116\/revisions"}],"predecessor-version":[{"id":1726,"href":"https:\/\/socialtransfert.com\/index.php\/wp-json\/wp\/v2\/pages\/116\/revisions\/1726"}],"wp:attachment":[{"href":"https:\/\/socialtransfert.com\/index.php\/wp-json\/wp\/v2\/media?parent=116"}],"curies":[{"name":"wp","href":"https:\/\/api.w.org\/{rel}","templated":true}]}}